{"id":42,"date":"2020-11-25T17:16:42","date_gmt":"2020-11-25T20:16:42","guid":{"rendered":"http:\/\/www.inciva.com.br\/inciva\/?page_id=42"},"modified":"2026-03-13T17:39:41","modified_gmt":"2026-03-13T20:39:41","slug":"home","status":"publish","type":"page","link":"http:\/\/www.inciva.com.br\/inciva\/","title":{"rendered":"Home"},"content":{"rendered":"\n<section class=\"wp-block-uagb-section uagb-section__wrap uagb-section__background-image uagb-block-721bab6e\"><div class=\"uagb-section__overlay\"><\/div><div class=\"uagb-section__inner-wrap\">\n<div class=\"wp-block-uagb-info-box uagb-block-2f6bc8d7 uagb-infobox__content-wrap  uagb-infobox-icon-above-title uagb-infobox-image-valign-top\"><div class=\"uagb-ifb-content\"><div class=\"uagb-ifb-title-wrap\"><span class=\"uagb-ifb-title-prefix\">INCIVA<\/span><h1 class=\"uagb-ifb-title\">Instituto de Cirurgia Vascular<\/h1><\/div><div class=\"uagb-ifb-separator\"><\/div><p class=\"uagb-ifb-desc\">Escleroterapia | Cirurgia de Varizes<\/p><\/div><\/div>\n<\/div><\/section>\n\n\n\n<div style=\"height:50px\" aria-hidden=\"true\" class=\"wp-block-spacer\"><\/div>\n\n\n\n<section class=\"wp-block-uagb-columns uagb-columns__wrap uagb-columns__stack-mobile uagb-columns__valign-center uagb-columns__gap-10 alignfull uagb-columns__reverse-mobile uagb-block-3ccaaf3e uagb-columns__columns-2 uagb-columns__max_width-theme\"><div class=\"uagb-columns__overlay\"><\/div><div class=\"uagb-columns__inner-wrap uagb-columns__columns-2\">\n<div class=\"wp-block-uagb-column uagb-column__wrap uagb-column__background-undefined uagb-block-60d98191\"><div class=\"uagb-column__overlay\"><\/div>\n<div class=\"wp-block-uagb-info-box uagb-block-5d72b031 uagb-infobox__content-wrap  uagb-infobox-icon-above-title uagb-infobox-image-valign-top\"><div class=\"uagb-ifb-content\"><div class=\"uagb-ifb-title-wrap\"><h2 class=\"uagb-ifb-title\">Bem-vindo<\/h2><\/div><p class=\"uagb-ifb-desc\">O&nbsp;<a rel=\"noreferrer noopener\" href=\"http:\/\/www.ribeiraoshopping.com.br\/\" target=\"_blank\">Ribeir\u00e3o Shopping<\/a>&nbsp;inaugurou, em 9 de agosto, sua 9\u00aa expans\u00e3o: um moderno Centro M\u00e9dico com mais de 30 cl\u00ednicas, entre elas a&nbsp;<strong>INCIVA<\/strong>, especializada em atendimentos e procedimentos vasculares.<\/p><\/div><\/div>\n\n\n\n<div class=\"wp-block-uagb-info-box uagb-block-9830238a uagb-infobox__content-wrap  uagb-infobox-icon-above-title uagb-infobox-image-valign-top\"><div class=\"uagb-ifb-content\"><div class=\"uagb-ifb-title-wrap\"><\/div><p class=\"uagb-ifb-desc\">O Instituto \u00e9 um centro de diagn\u00f3stico e tratamento que integra conhecimento, t\u00e9cnica e experi\u00eancia, tratando doen\u00e7as que afetam os sistemas: arterial, venoso e linf\u00e1tico (varizes, tromboses venosas, arterosclerose, aneurismas da aorta abdominal, varizes p\u00e9lvicas, p\u00e9 diab\u00e9tico, entre outras).<\/p><div class=\"uagb-ifb-button-wrapper wp-block-button\"><a href=\"http:\/\/www.inciva.com.br\/inciva\/inciva\/\" class=\"uagb-infobox-cta-link wp-block-button__link\" target=\"_self\" rel=\"noopener noreferrer\" onclick=\"return true;\" alt=\"\"><span class=\"uagb-inline-editing\">Ver estrutura<\/span><\/a><\/div><\/div><\/div>\n<\/div>\n\n\n\n<div class=\"wp-block-uagb-column uagb-column__wrap uagb-column__background-image uagb-block-44c00c3c\"><div class=\"uagb-column__overlay\"><\/div>\n<div class=\"wp-block-uagb-info-box uagb-block-577cdef4 uagb-infobox__content-wrap  uagb-infobox-icon-above-title uagb-infobox-image-valign-top\"><div class=\"uagb-ifb-content\"><div class=\"uagb-ifb-title-wrap\"><h3 class=\"uagb-ifb-title\">Hor\u00e1rio de funcionamento<\/h3><\/div><p class=\"uagb-ifb-desc\">Segunda a sexta-feira das 9h \u00e0s 21h<br>S\u00e1bados das 9h \u00e0s 13h<\/p><\/div><\/div>\n\n\n\n<p><\/p>\n<\/div>\n<\/div><\/section>\n\n\n\n<div style=\"height:50px\" aria-hidden=\"true\" class=\"wp-block-spacer\"><\/div>\n\n\n\n<section class=\"wp-block-uagb-section uagb-section__wrap uagb-section__background-color uagb-block-7c4b6cbe\"><div class=\"uagb-section__overlay\"><\/div><div class=\"uagb-section__inner-wrap\">\n<div class=\"wp-block-uagb-info-box uagb-block-4fa9381c uagb-infobox__content-wrap  uagb-infobox-icon-above-title uagb-infobox-image-valign-top\"><div class=\"uagb-ifb-content\"><div class=\"uagb-ifb-title-wrap\"><h2 class=\"uagb-ifb-title\">Corpo Cl\u00ednico<\/h2><\/div><div class=\"uagb-ifb-separator\"><\/div><\/div><\/div>\n\n\n\n<section class=\"wp-block-uagb-columns uagb-columns__wrap uagb-columns__stack-mobile uagb-columns__valign- uagb-columns__gap-10 align uagb-block-9067b541 uagb-columns__columns-2 uagb-columns__max_width-theme\"><div class=\"uagb-columns__overlay\"><\/div><div class=\"uagb-columns__inner-wrap uagb-columns__columns-2\">\n<div class=\"wp-block-uagb-column uagb-column__wrap uagb-column__background-undefined uagb-block-3dcb7034\"><div class=\"uagb-column__overlay\"><\/div>\n<div class=\"wp-block-uagb-team uagb-team__image-position-above uagb-team__align-center uagb-team__stack-tablet uagb-block-5fde414f\"><div class=\"uagb-team__content\"><img decoding=\"async\" class=\"uagb-team__image-crop-circle\" src=\"http:\/\/www.inciva.com.br\/inciva\/wp-content\/uploads\/2020\/11\/drjoao-300x300.jpg\" alt=\"Dr. Jo\u00e3o Germani Neto\" height=\"175\" width=\"175\" loading=\"lazy\"\/><h3 class=\"uagb-team__title\">Dr. Jo\u00e3o Germani Neto<\/h3><span class=\"uagb-team__prefix\"><em><em>Cirurgia Vascular e Endovascular.<\/em><\/em><\/span><p class=\"uagb-team__desc\"><em>CRM: 64.233<\/em><\/p><\/div><\/div>\n<\/div>\n\n\n\n<div class=\"wp-block-uagb-column uagb-column__wrap uagb-column__background-undefined uagb-block-61040741\"><div class=\"uagb-column__overlay\"><\/div>\n<div class=\"wp-block-uagb-team uagb-team__image-position-above uagb-team__align-center uagb-team__stack-tablet uagb-block-ab72fad4\"><div class=\"uagb-team__content\"><img decoding=\"async\" class=\"uagb-team__image-crop-circle\" src=\"http:\/\/www.inciva.com.br\/inciva\/wp-content\/uploads\/2020\/11\/drjose-1-300x300.jpg\" alt=\"Dr. Jos\u00e9 Geraldo Ciscato Jr\" height=\"175\" width=\"175\" loading=\"lazy\"\/><h3 class=\"uagb-team__title\">Dr. Jos\u00e9 Geraldo Ciscato Jr<\/h3><span class=\"uagb-team__prefix\"><em>Cirurgia Vascular e Endovascular.<\/em><\/span><p class=\"uagb-team__desc\"><em>CRM: 91.784<\/em><\/p><ul class=\"uagb-team__social-list\"><li class=\"uagb-team__social-icon\"><a href=\"https:\/\/br.linkedin.com\/in\/jose-geraldo-ciscato-jr-4517a162\" aria-label=\"fab fa-linkedin\" target=\"_blank\" title=\"\" rel=\"noopener noreferrer\"><svg xmlns=\"https:\/\/www.w3.org\/2000\/svg\" viewBox=\"0 0 448 512\"><path d=\"M416 32H31.9C14.3 32 0 46.5 0 64.3v383.4C0 465.5 14.3 480 31.9 480H416c17.6 0 32-14.5 32-32.3V64.3c0-17.8-14.4-32.3-32-32.3zM135.4 416H69V202.2h66.5V416zm-33.2-243c-21.3 0-38.5-17.3-38.5-38.5S80.9 96 102.2 96c21.2 0 38.5 17.3 38.5 38.5 0 21.3-17.2 38.5-38.5 38.5zm282.1 243h-66.4V312c0-24.8-.5-56.7-34.5-56.7-34.6 0-39.9 27-39.9 54.9V416h-66.4V202.2h63.7v29.2h.9c8.9-16.8 30.6-34.5 62.9-34.5 67.2 0 79.7 44.3 79.7 101.9V416z\"><\/path><\/svg><\/a><\/li><\/ul><\/div><\/div>\n<\/div>\n<\/div><\/section>\n\n\n\n<section class=\"wp-block-uagb-columns uagb-columns__wrap uagb-columns__stack-mobile uagb-columns__valign- uagb-columns__gap-10 align uagb-block-3ce53e64 uagb-columns__columns-2 uagb-columns__max_width-theme\"><div class=\"uagb-columns__overlay\"><\/div><div class=\"uagb-columns__inner-wrap uagb-columns__columns-2\">\n<div class=\"wp-block-uagb-column uagb-column__wrap uagb-column__background-undefined uagb-block-67aa65bf\"><div class=\"uagb-column__overlay\"><\/div>\n<div class=\"wp-block-uagb-team uagb-team__image-position-above uagb-team__align-center uagb-team__stack-tablet uagb-block-590d5461 uagb-team uagb-team__outer-wrap\"><div class=\"uagb-team__content\"><h3 class=\"uagb-team__title\"><\/h3><span class=\"uagb-team__prefix\"><\/span><p class=\"uagb-team__desc\"><\/p><\/div><\/div>\n<\/div>\n\n\n\n<div class=\"wp-block-uagb-column uagb-column__wrap uagb-column__background-undefined uagb-block-d83b58d2\"><div class=\"uagb-column__overlay\"><\/div>\n<div class=\"wp-block-uagb-team uagb-team__image-position-above uagb-team__align-center uagb-team__stack-tablet uagb-block-b2b543d6 uagb-team uagb-team__outer-wrap\"><div class=\"uagb-team__content\"><h3 class=\"uagb-team__title\"><\/h3><span class=\"uagb-team__prefix\"><\/span><p class=\"uagb-team__desc\"><\/p><\/div><\/div>\n<\/div>\n<\/div><\/section>\n\n\n\n<p><\/p>\n<\/div><\/section>\n\n\n\n<footer class=\"wp-block-uagb-section uagb-section__wrap uagb-section__background-image uagb-block-e5ae35a1\"><div class=\"uagb-section__overlay\"><\/div><div class=\"uagb-section__inner-wrap\">\n<div class=\"wp-block-uagb-info-box uagb-block-73098679 uagb-infobox__content-wrap  uagb-infobox-icon-above-title uagb-infobox-image-valign-top uagb-infobox__outer-wrap\"><div class=\"uagb-ifb-content\"><div class=\"uagb-ifb-icon-wrap\"><svg xmlns=\"https:\/\/www.w3.org\/2000\/svg\" viewBox=\"0 0 512 512\"><path d=\"M511.2 387l-23.25 100.8c-3.266 14.25-15.79 24.22-30.46 24.22C205.2 512 0 306.8 0 54.5c0-14.66 9.969-27.2 24.22-30.45l100.8-23.25C139.7-2.602 154.7 5.018 160.8 18.92l46.52 108.5c5.438 12.78 1.77 27.67-8.98 36.45L144.5 207.1c33.98 69.22 90.26 125.5 159.5 159.5l44.08-53.8c8.688-10.78 23.69-14.51 36.47-8.975l108.5 46.51C506.1 357.2 514.6 372.4 511.2 387z\"><\/path><\/svg><\/div><div class=\"uagb-ifb-title-wrap\"><h3 class=\"uagb-ifb-title\">Agende sua consulta<\/h3><\/div><\/div><\/div>\n\n\n\n<div class=\"wp-block-uagb-info-box uagb-block-6a246b93 uagb-infobox__content-wrap  uagb-infobox-icon-above-title uagb-infobox-image-valign-top\"><div class=\"uagb-ifb-content\"><div class=\"uagb-ifb-title-wrap\"><div class=\"uagb-ifb-separator\"><\/div><h3 class=\"uagb-ifb-title\"><br>(016) 3610-9922<\/h3><\/div><\/div><\/div>\n<\/div><\/footer>\n","protected":false},"excerpt":{"rendered":"","protected":false},"author":1,"featured_media":0,"parent":0,"menu_order":0,"comment_status":"closed","ping_status":"closed","template":"","meta":{"_uag_custom_page_level_css":"","_monsterinsights_skip_tracking":false,"_monsterinsights_sitenote_active":false,"_monsterinsights_sitenote_note":"","_monsterinsights_sitenote_category":0,"site-sidebar-layout":"no-sidebar","site-content-layout":"page-builder","ast-global-header-display":"","ast-main-header-display":"","ast-hfb-above-header-display":"","ast-hfb-below-header-display":"","ast-hfb-mobile-header-display":"","site-post-title":"disabled","ast-breadcrumbs-content":"","ast-featured-img":"disabled","footer-sml-layout":"","theme-transparent-header-meta":"default","adv-header-id-meta":"","stick-header-meta":"","header-above-stick-meta":"","header-main-stick-meta":"","header-below-stick-meta":""},"uagb_featured_image_src":{"full":false,"thumbnail":false,"medium":false,"medium_large":false,"large":false,"1536x1536":false,"2048x2048":false},"uagb_author_info":{"display_name":"inciva","author_link":"http:\/\/www.inciva.com.br\/inciva\/author\/admin\/"},"uagb_comment_info":0,"uagb_excerpt":null,"_links":{"self":[{"href":"http:\/\/www.inciva.com.br\/inciva\/wp-json\/wp\/v2\/pages\/42"}],"collection":[{"href":"http:\/\/www.inciva.com.br\/inciva\/wp-json\/wp\/v2\/pages"}],"about":[{"href":"http:\/\/www.inciva.com.br\/inciva\/wp-json\/wp\/v2\/types\/page"}],"author":[{"embeddable":true,"href":"http:\/\/www.inciva.com.br\/inciva\/wp-json\/wp\/v2\/users\/1"}],"replies":[{"embeddable":true,"href":"http:\/\/www.inciva.com.br\/inciva\/wp-json\/wp\/v2\/comments?post=42"}],"version-history":[{"count":109,"href":"http:\/\/www.inciva.com.br\/inciva\/wp-json\/wp\/v2\/pages\/42\/revisions"}],"predecessor-version":[{"id":519,"href":"http:\/\/www.inciva.com.br\/inciva\/wp-json\/wp\/v2\/pages\/42\/revisions\/519"}],"wp:attachment":[{"href":"http:\/\/www.inciva.com.br\/inciva\/wp-json\/wp\/v2\/media?parent=42"}],"curies":[{"name":"wp","href":"https:\/\/api.w.org\/{rel}","templated":true}]}}