{"id":46,"date":"2020-11-25T17:17:41","date_gmt":"2020-11-25T20:17:41","guid":{"rendered":"http:\/\/www.inciva.com.br\/inciva\/?page_id=46"},"modified":"2021-02-23T17:30:59","modified_gmt":"2021-02-23T20:30:59","slug":"doencas-vasculares","status":"publish","type":"page","link":"http:\/\/www.inciva.com.br\/inciva\/doencas-vasculares\/","title":{"rendered":"Doen\u00e7as Vasculares"},"content":{"rendered":"\n<div style=\"height:50px\" aria-hidden=\"true\" class=\"wp-block-spacer\"><\/div>\n\n\n\n<div class=\"wp-block-uagb-info-box uagb-infobox__outer-wrap uagb-block-1be4051a\"><div class=\"uagb-infobox__content-wrap uagb-infobox uagb-infobox-has-icon uagb-infobox-icon-above-title uagb-infobox-image-valign-top uagb-infobox-enable-border-radius \"><div class=\"uagb-ifb-left-right-wrap\"><div class=\"uagb-ifb-content\"><div class=\"uagb-ifb-title-wrap\"><h1 class=\"uagb-ifb-title\">Doen\u00e7as Vasculares<\/h1><\/div><div class=\"uagb-ifb-text-wrap\"><\/div><\/div><\/div><\/div><\/div>\n\n\n\n<section class=\"wp-block-uagb-section uagb-section__wrap uagb-section__background-undefined uagb-block-deeb9edd\"><div class=\"uagb-section__overlay\"><\/div><div class=\"uagb-section__inner-wrap\">\n\t\t\t<div class=\"wp-block-uagb-post-grid uagb-post-grid  uagb-post__image-position-top uagb-post__image-enabled uagb-block-dee71b4e     uagb-post__items uagb-post__columns-3 is-grid uagb-post__columns-tablet-2 uagb-post__columns-mobile-1 uagb-post__equal-height\" data-total=\"1\" style=\"\">\n\n\t\t\t\t\t\t\t\t\t\t\t\t<article class=\"uagb-post__inner-wrap\">\t\t\t\t\t\t\t\t<div class='uagb-post__image'>\n\t\t\t\t\t\t\t\t\t<a href=\"http:\/\/www.inciva.com.br\/inciva\/2020\/12\/varizes\/\" target=\"_self\" rel=\"bookmark noopener noreferrer\" class='uagb-image-ratio-inherit'><img width=\"600\" height=\"346\" src=\"http:\/\/www.inciva.com.br\/inciva\/wp-content\/uploads\/2020\/12\/varizes.jpg\" class=\"attachment-large size-large\" alt=\"\" decoding=\"async\" loading=\"lazy\" srcset=\"http:\/\/www.inciva.com.br\/inciva\/wp-content\/uploads\/2020\/12\/varizes.jpg 600w, http:\/\/www.inciva.com.br\/inciva\/wp-content\/uploads\/2020\/12\/varizes-300x173.jpg 300w\" sizes=\"(max-width: 600px) 100vw, 600px\" \/>\t\t\t\t\t<\/a>\n\t\t\t\t\t\t\t<\/div>\n\t\t\t\t\t\t<h2 class=\"uagb-post__title uagb-post__text\">\n\t\t\t\t<a href=\"http:\/\/www.inciva.com.br\/inciva\/2020\/12\/varizes\/\" target=\"_self\" rel=\"bookmark noopener noreferrer\">Varizes<\/a>\n\t\t\t<\/h2>\n\t\t\t\t\t\t<div class='uagb-post__text uagb-post-grid-byline'>\n\t\t\t\t\t\t\t<\/div>\n\t\t\t\t\t\t\t<div class='uagb-post__text uagb-post__excerpt'>\n\t\t\t\t\tUma das doen\u00e7as vasculares mais frequentes na popula\u00e7\u00e3o mundial e brasileira, atingindo 40% da popula\u00e7\u00e3o.\t\t\t\t<\/div>\n\t\t\t\t\t\t\t\t\t\t\t<a class=\"uagb-post__link-complete-box\" href=\"http:\/\/www.inciva.com.br\/inciva\/2020\/12\/varizes\/\" target=\"_self\" rel=\"bookmark noopener noreferrer\"><\/a>\n\t\t\t\t\t\t\t<\/article>\n\t\t\t\t\t\t\t\t\t\t\t<\/div>\n\t\t\t<\/div><\/section>\n","protected":false},"excerpt":{"rendered":"","protected":false},"author":1,"featured_media":0,"parent":0,"menu_order":2,"comment_status":"closed","ping_status":"closed","template":"","meta":{"_uag_custom_page_level_css":"","_monsterinsights_skip_tracking":false,"_monsterinsights_sitenote_active":false,"_monsterinsights_sitenote_note":"","_monsterinsights_sitenote_category":0,"site-sidebar-layout":"no-sidebar","site-content-layout":"page-builder","ast-global-header-display":"","ast-main-header-display":"","ast-hfb-above-header-display":"","ast-hfb-below-header-display":"","ast-hfb-mobile-header-display":"","site-post-title":"disabled","ast-breadcrumbs-content":"","ast-featured-img":"disabled","footer-sml-layout":"","theme-transparent-header-meta":"default","adv-header-id-meta":"","stick-header-meta":"","header-above-stick-meta":"","header-main-stick-meta":"","header-below-stick-meta":""},"uagb_featured_image_src":{"full":false,"thumbnail":false,"medium":false,"medium_large":false,"large":false,"1536x1536":false,"2048x2048":false},"uagb_author_info":{"display_name":"inciva","author_link":"http:\/\/www.inciva.com.br\/inciva\/author\/admin\/"},"uagb_comment_info":0,"uagb_excerpt":null,"_links":{"self":[{"href":"http:\/\/www.inciva.com.br\/inciva\/wp-json\/wp\/v2\/pages\/46"}],"collection":[{"href":"http:\/\/www.inciva.com.br\/inciva\/wp-json\/wp\/v2\/pages"}],"about":[{"href":"http:\/\/www.inciva.com.br\/inciva\/wp-json\/wp\/v2\/types\/page"}],"author":[{"embeddable":true,"href":"http:\/\/www.inciva.com.br\/inciva\/wp-json\/wp\/v2\/users\/1"}],"replies":[{"embeddable":true,"href":"http:\/\/www.inciva.com.br\/inciva\/wp-json\/wp\/v2\/comments?post=46"}],"version-history":[{"count":16,"href":"http:\/\/www.inciva.com.br\/inciva\/wp-json\/wp\/v2\/pages\/46\/revisions"}],"predecessor-version":[{"id":447,"href":"http:\/\/www.inciva.com.br\/inciva\/wp-json\/wp\/v2\/pages\/46\/revisions\/447"}],"wp:attachment":[{"href":"http:\/\/www.inciva.com.br\/inciva\/wp-json\/wp\/v2\/media?parent=46"}],"curies":[{"name":"wp","href":"https:\/\/api.w.org\/{rel}","templated":true}]}}